{"id":57,"date":"2026-03-06T15:51:28","date_gmt":"2026-03-06T21:51:28","guid":{"rendered":"https:\/\/www.somosguadalupanos.com\/?page_id=57"},"modified":"2026-03-09T11:40:10","modified_gmt":"2026-03-09T17:40:10","slug":"sd","status":"publish","type":"page","link":"https:\/\/www.somosguadalupanos.com\/","title":{"rendered":"Santuario Digital"},"content":{"rendered":"\t\t<div data-elementor-type=\"wp-post\" data-elementor-id=\"57\" class=\"elementor elementor-57\">\n\t\t\t\t<div class=\"elementor-element elementor-element-85530e7 e-flex e-con-boxed e-con e-parent\" data-id=\"85530e7\" data-element_type=\"container\" data-e-type=\"container\" data-settings=\"{&quot;background_background&quot;:&quot;classic&quot;}\">\n\t\t\t\t\t<div class=\"e-con-inner\">\n\t\t\t\t<div class=\"elementor-element elementor-element-750e34c elementor-widget-mobile__width-inherit elementor-widget elementor-widget-heading\" data-id=\"750e34c\" data-element_type=\"widget\" data-e-type=\"widget\" data-widget_type=\"heading.default\">\n\t\t\t\t\t<h2 class=\"elementor-heading-title elementor-size-default\">Bienvenidos a Somos Guadalupanos<\/h2>\t\t\t\t<\/div>\n\t\t\t\t<div class=\"elementor-element elementor-element-03b39de elementor-widget-mobile__width-inherit elementor-widget elementor-widget-heading\" data-id=\"03b39de\" data-element_type=\"widget\" data-e-type=\"widget\" data-widget_type=\"heading.default\">\n\t\t\t\t\t<h4 class=\"elementor-heading-title elementor-size-default\"><b>Donde el Tepeyac se encuentra en el mundo digital<\/b><\/h4>\t\t\t\t<\/div>\n\t\t\t\t\t<\/div>\n\t\t\t\t<\/div>\n\t\t<div class=\"elementor-element elementor-element-1d87a08 e-flex e-con-boxed e-con e-parent\" data-id=\"1d87a08\" data-element_type=\"container\" data-e-type=\"container\" data-settings=\"{&quot;background_background&quot;:&quot;classic&quot;}\">\n\t\t\t\t\t<div class=\"e-con-inner\">\n\t\t<div class=\"elementor-element elementor-element-613eda6 e-flex e-con-boxed e-con e-child\" data-id=\"613eda6\" data-element_type=\"container\" data-e-type=\"container\">\n\t\t\t\t\t<div class=\"e-con-inner\">\n\t\t\t\t<div class=\"elementor-element elementor-element-3781ce6 elementor-widget elementor-widget-heading\" data-id=\"3781ce6\" data-element_type=\"widget\" data-e-type=\"widget\" data-widget_type=\"heading.default\">\n\t\t\t\t\t<h2 class=\"elementor-heading-title elementor-size-default\"><code data-path-to-node=\"11,0,1,0,0\" data-index-in-node=\"40\">El Acontecimiento Guadalupano: El Amor de una Madre<\/code>.<\/h2>\t\t\t\t<\/div>\n\t\t\t\t<div class=\"elementor-element elementor-element-54c8418 elementor-widget elementor-widget-text-editor\" data-id=\"54c8418\" data-element_type=\"widget\" data-e-type=\"widget\" data-widget_type=\"text-editor.default\">\n\t\t\t\t\t\t\t\t\t<p>En diciembre de 1531, en el cerro del Tepeyac, se obr\u00f3 el milagro que cambiar\u00eda para siempre el coraz\u00f3n de M\u00e9xico y del mundo. El relato sagrado, el <b>Nican Mopohua,<\/b> nos narra c\u00f3mo la Morenita del Tepeyac, Santa Mar\u00eda de Guadalupe, se apareci\u00f3 al humilde San Juan Diego. Ella vino a nosotros con un mensaje de consuelo, protecci\u00f3n y amor maternal, pidiendo que se le construyera un templo \u2014una casita sagrada\u2014 para manifestar y dar todo su amor, auxilio y defensa a todos los moradores de esta tierra. Hoy, millones de peregrinos hacen de ese templo, la <b>Bas\u00edlica de Guadalupe<\/b>, el coraz\u00f3n de nuestra fe y el testimonio vivo de su presencia.<\/p>\t\t\t\t\t\t\t\t<\/div>\n\t\t\t\t\t<\/div>\n\t\t\t\t<\/div>\n\t\t<div class=\"elementor-element elementor-element-8ac6af8 e-con-full e-flex e-con e-child\" data-id=\"8ac6af8\" data-element_type=\"container\" data-e-type=\"container\">\n\t\t\t\t<div class=\"elementor-element elementor-element-eabd0a8 elementor-widget elementor-widget-image\" data-id=\"eabd0a8\" data-element_type=\"widget\" data-e-type=\"widget\" data-widget_type=\"image.default\">\n\t\t\t\t\t\t\t\t\t\t\t\t\t\t\t<img fetchpriority=\"high\" decoding=\"async\" width=\"1024\" height=\"576\" src=\"https:\/\/www.somosguadalupanos.com\/wp-content\/uploads\/2026\/03\/Virgen-de-Guadlupe-y-Juan-Diego-1024x576.png\" class=\"attachment-large size-large wp-image-89\" alt=\"\" srcset=\"https:\/\/www.somosguadalupanos.com\/wp-content\/uploads\/2026\/03\/Virgen-de-Guadlupe-y-Juan-Diego-1024x576.png 1024w, https:\/\/www.somosguadalupanos.com\/wp-content\/uploads\/2026\/03\/Virgen-de-Guadlupe-y-Juan-Diego-300x169.png 300w, https:\/\/www.somosguadalupanos.com\/wp-content\/uploads\/2026\/03\/Virgen-de-Guadlupe-y-Juan-Diego-768x432.png 768w, https:\/\/www.somosguadalupanos.com\/wp-content\/uploads\/2026\/03\/Virgen-de-Guadlupe-y-Juan-Diego.png 1280w\" sizes=\"(max-width: 1024px) 100vw, 1024px\" \/>\t\t\t\t\t\t\t\t\t\t\t\t\t\t\t<\/div>\n\t\t\t\t<\/div>\n\t\t\t\t\t<\/div>\n\t\t\t\t<\/div>\n\t\t<div class=\"elementor-element elementor-element-0667ded e-con-full e-flex e-con e-parent\" data-id=\"0667ded\" data-element_type=\"container\" data-e-type=\"container\" data-settings=\"{&quot;background_background&quot;:&quot;classic&quot;}\">\n\t\t\t\t<div class=\"elementor-element elementor-element-c16e74f elementor-widget-mobile__width-inherit elementor-widget elementor-widget-heading\" data-id=\"c16e74f\" data-element_type=\"widget\" data-e-type=\"widget\" data-widget_type=\"heading.default\">\n\t\t\t\t\t<h2 class=\"elementor-heading-title elementor-size-default\">Y t\u00fa, \u00bfc\u00f3mo agradeces su amor?<\/h2>\t\t\t\t<\/div>\n\t\t\t\t<div class=\"elementor-element elementor-element-2fbb29a elementor-widget-mobile__width-inherit elementor-widget__width-inherit elementor-widget elementor-widget-text-editor\" data-id=\"2fbb29a\" data-element_type=\"widget\" data-e-type=\"widget\" data-widget_type=\"text-editor.default\">\n\t\t\t\t\t\t\t\t\t<p>Su amor maternal es inmenso y ha tocado incontables corazones. En Somos Guadalupanos, queremos reunir todos esos testimonios. Te invitamos a ser parte de este homenaje de fe, recordando que cada historia compartida es un paso m\u00e1s para llevar nuestra gratitud a la Bas\u00edlica.<\/p>\t\t\t\t\t\t\t\t<\/div>\n\t\t\t\t<\/div>\n\t\t<div class=\"elementor-element elementor-element-a0a90f1 e-flex e-con-boxed e-con e-parent\" data-id=\"a0a90f1\" data-element_type=\"container\" data-e-type=\"container\">\n\t\t\t\t\t<div class=\"e-con-inner\">\n\t\t\t\t<div class=\"elementor-element elementor-element-ec1be02 elementor-align-center elementor-widget-mobile__width-inherit elementor-widget elementor-widget-button\" data-id=\"ec1be02\" data-element_type=\"widget\" data-e-type=\"widget\" data-widget_type=\"button.default\">\n\t\t\t\t\t\t\t\t\t\t<a class=\"elementor-button elementor-button-link elementor-size-sm\" href=\"https:\/\/www.somosguadalupanos.com\/index.php\/comparte-tu-milagro\/\">\n\t\t\t\t\t\t<span class=\"elementor-button-content-wrapper\">\n\t\t\t\t\t\t\t\t\t<span class=\"elementor-button-text\">Entra al Santuario y Comparte tu Milagro<\/span>\n\t\t\t\t\t<\/span>\n\t\t\t\t\t<\/a>\n\t\t\t\t\t\t\t\t<\/div>\n\t\t\t\t\t<\/div>\n\t\t\t\t<\/div>\n\t\t\t\t<\/div>\n\t\t","protected":false},"excerpt":{"rendered":"<p>Bienvenidos a Somos Guadalupanos Donde el Tepeyac se encuentra en el mundo digital El Acontecimiento Guadalupano: El Amor de una Madre. En diciembre de 1531, en el cerro del Tepeyac, se obr\u00f3 el milagro que cambiar\u00eda para siempre el coraz\u00f3n de M\u00e9xico y del mundo. El relato sagrado, el Nican Mopohua, nos narra c\u00f3mo la [&hellip;]<\/p>\n","protected":false},"author":1,"featured_media":59,"parent":0,"menu_order":1,"comment_status":"closed","ping_status":"closed","template":"","meta":{"site-sidebar-layout":"no-sidebar","site-content-layout":"page-builder","ast-site-content-layout":"normal-width-container","site-content-style":"unboxed","site-sidebar-style":"unboxed","ast-global-header-display":"","ast-banner-title-visibility":"","ast-main-header-display":"","ast-hfb-above-header-display":"","ast-hfb-below-header-display":"","ast-hfb-mobile-header-display":"","site-post-title":"","ast-breadcrumbs-content":"","ast-featured-img":"disabled","footer-sml-layout":"","ast-disable-related-posts":"","theme-transparent-header-meta":"","adv-header-id-meta":"","stick-header-meta":"","header-above-stick-meta":"","header-main-stick-meta":"","header-below-stick-meta":"","astra-migrate-meta-layouts":"set","ast-page-background-enabled":"default","ast-page-background-meta":{"desktop":{"background-color":"var(--ast-global-color-4)","background-image":"","background-repeat":"repeat","background-position":"center center","background-size":"auto","background-attachment":"scroll","background-type":"","background-media":"","overlay-type":"","overlay-color":"","overlay-opacity":"","overlay-gradient":""},"tablet":{"background-color":"","background-image":"","background-repeat":"repeat","background-position":"center center","background-size":"auto","background-attachment":"scroll","background-type":"","background-media":"","overlay-type":"","overlay-color":"","overlay-opacity":"","overlay-gradient":""},"mobile":{"background-color":"","background-image":"","background-repeat":"repeat","background-position":"center center","background-size":"auto","background-attachment":"scroll","background-type":"","background-media":"","overlay-type":"","overlay-color":"","overlay-opacity":"","overlay-gradient":""}},"ast-content-background-meta":{"desktop":{"background-color":"var(--ast-global-color-5)","background-image":"","background-repeat":"repeat","background-position":"center center","background-size":"auto","background-attachment":"scroll","background-type":"","background-media":"","overlay-type":"","overlay-color":"","overlay-opacity":"","overlay-gradient":""},"tablet":{"background-color":"var(--ast-global-color-5)","background-image":"","background-repeat":"repeat","background-position":"center center","background-size":"auto","background-attachment":"scroll","background-type":"","background-media":"","overlay-type":"","overlay-color":"","overlay-opacity":"","overlay-gradient":""},"mobile":{"background-color":"var(--ast-global-color-5)","background-image":"","background-repeat":"repeat","background-position":"center center","background-size":"auto","background-attachment":"scroll","background-type":"","background-media":"","overlay-type":"","overlay-color":"","overlay-opacity":"","overlay-gradient":""}},"footnotes":""},"class_list":["post-57","page","type-page","status-publish","has-post-thumbnail","hentry"],"_links":{"self":[{"href":"https:\/\/www.somosguadalupanos.com\/index.php\/wp-json\/wp\/v2\/pages\/57","targetHints":{"allow":["GET"]}}],"collection":[{"href":"https:\/\/www.somosguadalupanos.com\/index.php\/wp-json\/wp\/v2\/pages"}],"about":[{"href":"https:\/\/www.somosguadalupanos.com\/index.php\/wp-json\/wp\/v2\/types\/page"}],"author":[{"embeddable":true,"href":"https:\/\/www.somosguadalupanos.com\/index.php\/wp-json\/wp\/v2\/users\/1"}],"replies":[{"embeddable":true,"href":"https:\/\/www.somosguadalupanos.com\/index.php\/wp-json\/wp\/v2\/comments?post=57"}],"version-history":[{"count":10,"href":"https:\/\/www.somosguadalupanos.com\/index.php\/wp-json\/wp\/v2\/pages\/57\/revisions"}],"predecessor-version":[{"id":336,"href":"https:\/\/www.somosguadalupanos.com\/index.php\/wp-json\/wp\/v2\/pages\/57\/revisions\/336"}],"wp:featuredmedia":[{"embeddable":true,"href":"https:\/\/www.somosguadalupanos.com\/index.php\/wp-json\/wp\/v2\/media\/59"}],"wp:attachment":[{"href":"https:\/\/www.somosguadalupanos.com\/index.php\/wp-json\/wp\/v2\/media?parent=57"}],"curies":[{"name":"wp","href":"https:\/\/api.w.org\/{rel}","templated":true}]}}