{"id":6,"date":"2023-01-05T10:59:18","date_gmt":"2023-01-05T16:59:18","guid":{"rendered":"https:\/\/www.somosguadalupanos.com\/?page_id=6"},"modified":"2023-01-05T12:01:09","modified_gmt":"2023-01-05T18:01:09","slug":"crea-tu-web-con-bloques","status":"publish","type":"page","link":"https:\/\/www.somosguadalupanos.com\/index.php\/crea-tu-web-con-bloques\/","title":{"rendered":"Santa Mar\u00eda"},"content":{"rendered":"\n<h3 class=\"alignwide has-text-align-wide has-large-font-size wp-block-heading\" style=\"font-style:normal;font-weight:300;line-height:0.7;text-transform:none\">@Somos Guadalupanos<\/h3>\n\n\n\n<div class=\"wp-block-columns alignwide are-vertically-aligned-center is-style-twentytwentyone-columns-overlap is-layout-flex wp-container-core-columns-is-layout-28f84493 wp-block-columns-is-layout-flex\">\n<div class=\"wp-block-column is-vertically-aligned-center is-layout-flow wp-block-column-is-layout-flow\">\n<figure class=\"wp-block-image alignfull size-large\"><img fetchpriority=\"high\" decoding=\"async\" width=\"577\" height=\"1024\" src=\"https:\/\/www.somosguadalupanos.com\/wp-content\/uploads\/2023\/01\/IMG_20220728_130401-577x1024.jpg\" alt=\"\" class=\"wp-image-29\" srcset=\"https:\/\/www.somosguadalupanos.com\/wp-content\/uploads\/2023\/01\/IMG_20220728_130401-577x1024.jpg 577w, https:\/\/www.somosguadalupanos.com\/wp-content\/uploads\/2023\/01\/IMG_20220728_130401-169x300.jpg 169w, https:\/\/www.somosguadalupanos.com\/wp-content\/uploads\/2023\/01\/IMG_20220728_130401-768x1364.jpg 768w, https:\/\/www.somosguadalupanos.com\/wp-content\/uploads\/2023\/01\/IMG_20220728_130401-865x1536.jpg 865w, https:\/\/www.somosguadalupanos.com\/wp-content\/uploads\/2023\/01\/IMG_20220728_130401-1153x2048.jpg 1153w, https:\/\/www.somosguadalupanos.com\/wp-content\/uploads\/2023\/01\/IMG_20220728_130401-1568x2785.jpg 1568w, https:\/\/www.somosguadalupanos.com\/wp-content\/uploads\/2023\/01\/IMG_20220728_130401-scaled.jpg 1441w\" sizes=\"(max-width: 577px) 100vw, 577px\" \/><\/figure>\n\n\n\n<div style=\"height:100px\" aria-hidden=\"true\" class=\"wp-block-spacer\"><\/div>\n\n\n\n<figure class=\"wp-block-image alignfull size-large is-style-twentytwentyone-image-frame\"><img decoding=\"async\" src=\"https:\/\/www.somosguadalupanos.com\/wp-content\/themes\/twentytwentyone\/assets\/images\/in-the-bois-de-boulogne.jpg\" alt=\"&quot;En el Bois de Boulogne&quot; de Berthe Morisot\"\/><\/figure>\n<\/div>\n\n\n\n<div class=\"wp-block-column is-vertically-aligned-center is-layout-flow wp-block-column-is-layout-flow\">\n<div style=\"height:100px\" aria-hidden=\"true\" class=\"wp-block-spacer\"><\/div>\n\n\n\n<figure class=\"wp-block-image size-full alignfull is-style-twentytwentyone-border\"><img decoding=\"async\" width=\"576\" height=\"1024\" src=\"https:\/\/www.somosguadalupanos.com\/wp-content\/uploads\/2023\/01\/4535862326_c30c8f441b_b.jpg\" alt=\"\" class=\"wp-image-27\" srcset=\"https:\/\/www.somosguadalupanos.com\/wp-content\/uploads\/2023\/01\/4535862326_c30c8f441b_b.jpg 576w, https:\/\/www.somosguadalupanos.com\/wp-content\/uploads\/2023\/01\/4535862326_c30c8f441b_b-169x300.jpg 169w\" sizes=\"(max-width: 576px) 100vw, 576px\" \/><\/figure>\n<\/div>\n<\/div>\n\n\n\n<div class=\"wp-block-cover alignwide is-light is-style-twentytwentyone-border\"><span aria-hidden=\"true\" class=\"wp-block-cover__background has-green-background-color has-background-dim-100 has-background-dim\"><\/span><div class=\"wp-block-cover__inner-container is-layout-flow wp-block-cover-is-layout-flow\">\n<div style=\"height:20px\" aria-hidden=\"true\" class=\"wp-block-spacer\"><\/div>\n\n\n\n<p class=\"has-huge-font-size\">\u00bfNecesitas ayuda?<\/p>\n\n\n\n<div style=\"height:75px\" aria-hidden=\"true\" class=\"wp-block-spacer\"><\/div>\n\n\n\n<div class=\"wp-block-columns is-layout-flex wp-container-core-columns-is-layout-28f84493 wp-block-columns-is-layout-flex\">\n<div class=\"wp-block-column is-layout-flow wp-block-column-is-layout-flow\">\n<p><a href=\"https:\/\/wordpress.org\/support\/article\/twenty-twenty-one\/\">Lee la documentaci\u00f3n del tema<\/a><\/p>\n<\/div>\n\n\n\n<div class=\"wp-block-column is-layout-flow wp-block-column-is-layout-flow\">\n<p><a href=\"https:\/\/wordpress.org\/support\/theme\/twentytwentyone\/\">Echa un vistazo a los foros de soporte<\/a><\/p>\n<\/div>\n<\/div>\n\n\n\n<div style=\"height:20px\" aria-hidden=\"true\" class=\"wp-block-spacer\"><\/div>\n<\/div><\/div>\n\n\n\n<div style=\"height:50px\" aria-hidden=\"true\" class=\"wp-block-spacer\"><\/div>\n\n\n\n<div class=\"wp-block-columns alignwide are-vertically-aligned-top is-layout-flex wp-container-core-columns-is-layout-28f84493 wp-block-columns-is-layout-flex\">\n<div class=\"wp-block-column is-vertically-aligned-top is-layout-flow wp-block-column-is-layout-flow\">\n<h3 class=\"wp-block-heading\">A\u00f1adir patrones de bloques<\/h3>\n\n\n\n<p>Los patrones de bloques son grupos de bloques predise\u00f1ados. Para a\u00f1adir uno, selecciona el bot\u00f3n &#8220;A\u00f1adir bloque [+]&#8221; en la barra de herramientas de la parte superior del editor. Cambia a la pesta\u00f1a &#8220;Patrones&#8221; debajo de la barra de b\u00fasqueda y elige un patr\u00f3n.<\/p>\n<\/div>\n\n\n\n<div class=\"wp-block-column is-vertically-aligned-top is-layout-flow wp-block-column-is-layout-flow\">\n<h3 class=\"wp-block-heading\">Enmarca tus im\u00e1genes<\/h3>\n\n\n\n<p>Twenty Twenty-One incluye bordes elegantes para tu contenido. Al seleccionar un bloque de imagen, abre el panel &#8220;Estilos&#8221; dentro de la barra lateral del Editor. Selecciona el estilo de bloque &#8220;Frame&#8221; para activarlo.<\/p>\n<\/div>\n\n\n\n<div class=\"wp-block-column is-vertically-aligned-top is-layout-flow wp-block-column-is-layout-flow\">\n<h3 class=\"wp-block-heading\">Columnas superpuestas<\/h3>\n\n\n\n<p>Twenty Twenty-One tambi\u00e9n incluye un estilo de superposici\u00f3n para bloques de columnas. Al seleccionar un bloque de columnas, abre el panel &#8220;Estilos&#8221; de la barra lateral del editor. Elige el estilo de bloque &#8220;Superposici\u00f3n&#8221; para probarlo.<\/p>\n<\/div>\n<\/div>\n\n\n\n<div style=\"height:100px\" aria-hidden=\"true\" class=\"wp-block-spacer\"><\/div>\n\n\n\n<div class=\"wp-block-group alignfull has-background is-layout-flow wp-block-group-is-layout-flow\" style=\"background-color:#f8f4e4\">\n<div class=\"wp-block-columns alignwide is-layout-flex wp-container-core-columns-is-layout-28f84493 wp-block-columns-is-layout-flex\">\n<div class=\"wp-block-column is-layout-flow wp-block-column-is-layout-flow\">\n<div style=\"height:100px\" aria-hidden=\"true\" class=\"wp-block-spacer\"><\/div>\n\n\n\n<h6 class=\"has-text-color wp-block-heading\" id=\"ecosystem\" style=\"color:#000000\">ECOSYSTEM<\/h6>\n\n\n\n<p class=\"has-text-color\" style=\"color:#000000;font-size:5vw;line-height:1.1\"><strong>Positive growth.<\/strong><\/p>\n\n\n\n<div style=\"height:5px\" aria-hidden=\"true\" class=\"wp-block-spacer\"><\/div>\n<\/div>\n<\/div>\n\n\n\n<div class=\"wp-block-columns alignwide is-layout-flex wp-container-core-columns-is-layout-28f84493 wp-block-columns-is-layout-flex\">\n<div class=\"wp-block-column is-layout-flow wp-block-column-is-layout-flow\" style=\"flex-basis:33.38%\">\n<p class=\"has-text-color has-extra-small-font-size\" style=\"color:#000000\"><em>Nature<\/em>, in the common sense, refers to essences unchanged by man; space, the air, the river, the leaf.&nbsp;<em>Art<\/em>&nbsp;is applied to the mixture of his will with the same things, as in a house, a canal, a statue, a picture. But his operations taken together are so insignificant, a little chipping, baking, patching, and washing, that in an impression so grand as that of the world on the human mind, they do not vary the result.<\/p>\n<\/div>\n\n\n\n<div class=\"wp-block-column is-layout-flow wp-block-column-is-layout-flow\" style=\"flex-basis:33%\">\n<div style=\"height:100px\" aria-hidden=\"true\" class=\"wp-block-spacer\"><\/div>\n\n\n\n<figure class=\"wp-block-image size-large\"><img decoding=\"async\" src=\"https:\/\/s.w.org\/images\/core\/5.8\/outside-01.jpg\" alt=\"The sun setting through a dense forest.\"\/><\/figure>\n<\/div>\n\n\n\n<div class=\"wp-block-column is-layout-flow wp-block-column-is-layout-flow\" style=\"flex-basis:33.62%\">\n<figure class=\"wp-block-image size-large\"><img decoding=\"async\" src=\"https:\/\/s.w.org\/images\/core\/5.8\/outside-02.jpg\" alt=\"Wind turbines standing on a grassy plain, against a blue sky.\"\/><\/figure>\n<\/div>\n<\/div>\n\n\n\n<div class=\"wp-block-columns alignwide is-layout-flex wp-container-core-columns-is-layout-28f84493 wp-block-columns-is-layout-flex\">\n<div class=\"wp-block-column is-layout-flow wp-block-column-is-layout-flow\" style=\"flex-basis:67%\">\n<figure class=\"wp-block-image alignright size-large\"><img decoding=\"async\" src=\"https:\/\/s.w.org\/images\/core\/5.8\/outside-03.jpg\" alt=\"The sun shining over a ridge leading down into the shore. In the distance, a car drives down a road.\"\/><\/figure>\n<\/div>\n\n\n\n<div class=\"wp-block-column is-vertically-aligned-center is-layout-flow wp-block-column-is-layout-flow\" style=\"flex-basis:33%\">\n<p class=\"has-text-color has-extra-small-font-size\" style=\"color:#000000\">Undoubtedly we have no questions to ask which are unanswerable. We must trust the perfection of the creation so far, as to believe that whatever curiosity the order of things has awakened in our minds, the order of things can satisfy. Every man&#8217;s condition is a solution in hieroglyphic to those inquiries he would put.<\/p>\n<\/div>\n<\/div>\n<\/div>\n","protected":false},"excerpt":{"rendered":"<p>@Somos Guadalupanos A\u00f1adir patrones de bloques Los patrones de bloques son grupos de bloques predise\u00f1ados. Para a\u00f1adir uno, selecciona el bot\u00f3n &#8220;A\u00f1adir bloque [+]&#8221; en la barra de herramientas de la parte superior del editor. Cambia a la pesta\u00f1a &#8220;Patrones&#8221; debajo de la barra de b\u00fasqueda y elige un patr\u00f3n. Enmarca tus im\u00e1genes Twenty Twenty-One [&hellip;]<\/p>\n","protected":false},"author":1,"featured_media":0,"parent":0,"menu_order":0,"comment_status":"closed","ping_status":"closed","template":"","meta":{"site-sidebar-layout":"default","site-content-layout":"","ast-site-content-layout":"default","site-content-style":"default","site-sidebar-style":"default","ast-global-header-display":"","ast-banner-title-visibility":"","ast-main-header-display":"","ast-hfb-above-header-display":"","ast-hfb-below-header-display":"","ast-hfb-mobile-header-display":"","site-post-title":"","ast-breadcrumbs-content":"","ast-featured-img":"","footer-sml-layout":"","ast-disable-related-posts":"","theme-transparent-header-meta":"","adv-header-id-meta":"","stick-header-meta":"","header-above-stick-meta":"","header-main-stick-meta":"","header-below-stick-meta":"","astra-migrate-meta-layouts":"default","ast-page-background-enabled":"default","ast-page-background-meta":{"desktop":{"background-color":"var(--ast-global-color-4)","background-image":"","background-repeat":"repeat","background-position":"center center","background-size":"auto","background-attachment":"scroll","background-type":"","background-media":"","overlay-type":"","overlay-color":"","overlay-opacity":"","overlay-gradient":""},"tablet":{"background-color":"","background-image":"","background-repeat":"repeat","background-position":"center center","background-size":"auto","background-attachment":"scroll","background-type":"","background-media":"","overlay-type":"","overlay-color":"","overlay-opacity":"","overlay-gradient":""},"mobile":{"background-color":"","background-image":"","background-repeat":"repeat","background-position":"center center","background-size":"auto","background-attachment":"scroll","background-type":"","background-media":"","overlay-type":"","overlay-color":"","overlay-opacity":"","overlay-gradient":""}},"ast-content-background-meta":{"desktop":{"background-color":"var(--ast-global-color-5)","background-image":"","background-repeat":"repeat","background-position":"center center","background-size":"auto","background-attachment":"scroll","background-type":"","background-media":"","overlay-type":"","overlay-color":"","overlay-opacity":"","overlay-gradient":""},"tablet":{"background-color":"var(--ast-global-color-5)","background-image":"","background-repeat":"repeat","background-position":"center center","background-size":"auto","background-attachment":"scroll","background-type":"","background-media":"","overlay-type":"","overlay-color":"","overlay-opacity":"","overlay-gradient":""},"mobile":{"background-color":"var(--ast-global-color-5)","background-image":"","background-repeat":"repeat","background-position":"center center","background-size":"auto","background-attachment":"scroll","background-type":"","background-media":"","overlay-type":"","overlay-color":"","overlay-opacity":"","overlay-gradient":""}},"footnotes":""},"class_list":["post-6","page","type-page","status-publish","hentry"],"_links":{"self":[{"href":"https:\/\/www.somosguadalupanos.com\/index.php\/wp-json\/wp\/v2\/pages\/6","targetHints":{"allow":["GET"]}}],"collection":[{"href":"https:\/\/www.somosguadalupanos.com\/index.php\/wp-json\/wp\/v2\/pages"}],"about":[{"href":"https:\/\/www.somosguadalupanos.com\/index.php\/wp-json\/wp\/v2\/types\/page"}],"author":[{"embeddable":true,"href":"https:\/\/www.somosguadalupanos.com\/index.php\/wp-json\/wp\/v2\/users\/1"}],"replies":[{"embeddable":true,"href":"https:\/\/www.somosguadalupanos.com\/index.php\/wp-json\/wp\/v2\/comments?post=6"}],"version-history":[{"count":7,"href":"https:\/\/www.somosguadalupanos.com\/index.php\/wp-json\/wp\/v2\/pages\/6\/revisions"}],"predecessor-version":[{"id":39,"href":"https:\/\/www.somosguadalupanos.com\/index.php\/wp-json\/wp\/v2\/pages\/6\/revisions\/39"}],"wp:attachment":[{"href":"https:\/\/www.somosguadalupanos.com\/index.php\/wp-json\/wp\/v2\/media?parent=6"}],"curies":[{"name":"wp","href":"https:\/\/api.w.org\/{rel}","templated":true}]}}